{"id":11089,"date":"2019-04-16T15:34:03","date_gmt":"2019-04-16T13:34:03","guid":{"rendered":"https:\/\/yf.essedicom.com\/?page_id=11089"},"modified":"2024-07-15T19:45:47","modified_gmt":"2024-07-15T17:45:47","slug":"privacy-policy","status":"publish","type":"page","link":"https:\/\/www.young-factor.it\/en\/privacy-policy\/","title":{"rendered":"Privacy Policy"},"content":{"rendered":"<h1>Privacy Policy<\/h1>\n<p>con il presente documento ed in conformit\u00e0 all&#8217;art. 13 del Regolamento (UE) 2016\/679 (di seguito solo \u201cGDPR\u201d) vengono fornite le informazioni relative ai trattamenti dei dati personali eseguiti all&#8217;interno di questo Sito web.<\/p>\n<p>1. <strong>Titolare del trattamento<\/strong>. Il Titolare del trattamento \u00e8 l\u2019Associazione \u201cOsservatorio Permanente Giovani \u2013 Editori\u201d, codice fiscale 05054380489, con sede a Firenze, Viale Guidoni, 95, e-mail: privacy@osservatorionline.it (di seguito solo \u201cTitolare\u201d).<\/p>\n<p>2. <strong>Finalit\u00e0 del trattamento<\/strong>. Il Titolare raccoglie e tratta i dati personali dell&#8217;Utente per le seguenti finalit\u00e0:<br \/>\n(a) rispondere alle richieste di informazioni trasmesse dall&#8217;Utente al Titolare mediante e-mail e\/o contatto telefonico;<br \/>\n(b) garantire la funzionalit\u00e0, fruibilit\u00e0 e sicurezza informatica del sito web attraverso cookie tecnici;<br \/>\nInoltre, il Titolare raccoglie i dati personali degli Utenti che si registrano sul sito web per le seguenti ulteriori finalit\u00e0:<br \/>\n(c) consentire la partecipazione al progetto \u201cA caccia di bufale\u201d, compilando l\u2019apposito form;<br \/>\n(d) permettere al Titolare di promuovere le proprie future attivit\u00e0;<br \/>\n(e) tutelare i diritti del Titolare.<\/p>\n<p>3. <strong>Base giuridica del trattamento<\/strong>. I trattamenti eseguiti per ciascuna della finalit\u00e0 sopra indicate sono eseguiti in forza:<br \/>\n(a) per i trattamenti eseguiti per la finalit\u00e0 di cui alla lett. (a) del paragrafo 2, dell&#8217;interesse legittimo del Titolare di consentire di rispondere alle richieste di informazioni inviate dagli Utenti per mezzo del sito web (cfr. art. 6 lett. f GDPR);<br \/>\n(b) per i trattamenti eseguiti per la finalit\u00e0 di cui alla lett. (b) del paragrafo 2, dell&#8217;interesse legittimo del Titolare di garantire la sicurezza informatica del proprio sito web (cfr. art. 6 lett. f GDPR);<br \/>\n(c) per i trattamenti eseguiti per la finalit\u00e0 di cui alla lett. (c) del paragrafo 2, l\u2019adesione dell\u2019Utente al progetto \u201cA caccia di bufale\u201d e la creazione del proprio profilo riservato all\u2019interno del sito web (cfr. art. 6 lett. b GDPR).<br \/>\n(d) per i trattamenti eseguiti per la finalit\u00e0 di cui alla lett. (d) del paragrafo 2, l\u2019interesse legittimo del Titolare a promuovere le proprie attivit\u00e0 verso gli Utenti registrati che hanno partecipato al progetto \u201cA caccia di bufale\u201d e mostrato interesse verso le iniziative del Titolare (cfr. art. 6 lett. f GDPR);<br \/>\n(e) per i trattamenti eseguiti per la finalit\u00e0 di cui alla lett. (e) del paragrafo 2, l\u2019interesse legittimo del Titolare consistente nella tutela, in sede giudiziaria o stragiudiziale, dei propri diritti (cfr. art. 6 lett. f GDPR) ovvero l&#8217;adempimento di un obbligo legale di conservazione (cfr. art. 6 lett. c GDPR).<\/p>\n<p>4. <strong>Destinatari dei dati<\/strong>. I dati raccolti sono comunicati a:<br \/>\n(a) societ\u00e0 proprietaria dei server su cui risiede il sito web;<br \/>\n(b) societ\u00e0 che fornisce al Titolare il servizio di server hosting per il sito web;<br \/>\n(c) societ\u00e0 incaricata dal Titolare di svolgere il servizio di manutenzione ed aggiornamento del sito web per ragioni strettamente connesse all&#8217;adempimento di tale incarico;<br \/>\n(d) consulenti, professionisti e\/o ulteriori soggetti terzi eventualmente incaricati della tutela dei diritti del Titolare (es. avvocati);<br \/>\nLa lista completa dei destinatari dei dati potr\u00e0 essere richiesta contattando il Titolare ai recapiti indicati nella Sezione 1.<\/p>\n<p>5. <strong>Trasferimento dei dati<\/strong>. Il server su cui risiede il sito web \u00e8 situato in Italia. Il Titolare dunque non effettuata trasferimenti di dati personali in Paesi extra-UE.<\/p>\n<p>6. <strong>Durata del trattamento<\/strong>. I trattamenti sopra descritti saranno effettuati dal Titolare per le seguenti durate:<br \/>\n(a) per i trattamenti eseguiti per la finalit\u00e0 di cui al Paragrafo 2, lett. (a), per il tempo necessario a consentire al Titolare di rispondere alle richieste trasmesse dall&#8217;Utente;<br \/>\n(b) per i trattamenti eseguiti per la finalit\u00e0 di cui al Paragrafo 2, lett. (b), per la durata necessaria per l\u2019adempimento degli specifici obblighi di legge in materia;<br \/>\n(c) per i trattamenti eseguiti per la finalit\u00e0 di cui al Paragrafo 2, lett. (c), per la durata del Progetto e della partecipazione dell\u2019Utente;<br \/>\n(d) per i trattamenti eseguiti per la finalit\u00e0 di cui al Paragrafo 2, lett. (d), per la durata della registrazione dell\u2019Utente al sito web.<br \/>\nSi precisa, altres\u00ec, che, per i trattamenti per le finalit\u00e0 di cui al Paragrafo 2, lett. (a), (b) (c) e (d), i dati saranno conservati, successivamente alle durate sopra precisate, per il tempo necessario a difendere in sede giudiziaria i diritti del Titolare (ad esempio, in caso di richiesta di risarcimento dei danni da parte dell\u2019interessato).<\/p>\n<p>7. <strong>Diritti dell&#8217;interessato<\/strong>. Infine, ricordiamo che in qualsiasi momento, mediante comunicazione da inviare al Titolare ai recapiti sopra indicati, in presenza dei presupposti di legge, potr\u00e0 esercitare l\u2019accesso ed ottenere la cancellazione, l\u2019aggiornamento, la rettificazione, la limitazione e l\u2019integrazione dei dati personali che la riguardano, nonch\u00e9 esercitare tutti i diritti previsti dal Capo III del GDPR e leggi nazionali nelle materie di loro competenza, ove ne ricorrano le condizioni. Potr\u00e0 inoltre ricevere in un formato strutturato, di uso comune e leggibile da dispositivo automatico i dati personali che La riguardano. Conformemente a quanto previsto dall\u2019art. 77 del Regolamento, pu\u00f2 proporre reclamo all&#8217;Autorit\u00e0 di controllo della protezione dei dati competenti nel caso in cui ritenga che i Suoi diritti siano stati violati. Qualora il trattamento sia fondato sul nostro legittimo interesse potr\u00e0 infine, in applicazione di quanto previsto dall\u2019art. 21 del Regolamento, opporsi in qualsiasi momento al trattamento per motivi connessi alla Sua situazione particolare.<\/p>\n<p>8. <strong>Cookie<\/strong>. I cookie utilizzati dal sito web e le caratteristiche di ciascuno di essi (denominazione, finalit\u00e0 e durata) sono indicati specificatamente all\u2019interno dell\u2019apposito box che appare al momento dell\u2019accesso al sito web medesimo. In forza delle Linee Guida rese dal Garante per la Protezione dei Dati Personali con provvedimento n. 231 del 10 giugno 2021, l\u2019utilizzo di cookie tecnici (ossia necessari al corretto funzionamento del sito) ed i cookie analitici anonimizzati non richiedono il preventivo consenso dell\u2019Utente (ma possono essere in ogni momento disabilitati) mentre l\u2019utilizzo di cookie non tecnici (ossia che perseguono finalit\u00e0 di profilazione e\/o marketing) richiede il consenso espresso dall\u2019Utente attraverso l\u2019apposito box presente sul sito.<br \/>\nIl sito \u00e8 intermediario tecnico per cookie di terze parti, utilizzati per poter fornire ulteriori servizi e funzionalit\u00e0 ai visitatori e per semplificare l&#8217;uso del sito stesso, o per fornire pubblicit\u00e0 personalizzata. Questo sito non ha alcun controllo sui loro cookie interamente gestiti dalle terze parti e non ha accesso alle informazioni raccolte tramite detti cookie. Le informazioni sull&#8217;uso dei detti cookie e sulle finalit\u00e0 degli stessi, nonch\u00e9 sulle modalit\u00e0 per l&#8217;eventuale disabilitazione, sono fornite direttamente dalle terze parti.<\/p>\n<p><strong>Il sito utilizza cookie delle seguenti terze parti.<\/strong><br \/>\n\u2022 Google Ireland ltd e Youtube ltd (<a href=\"https:\/\/policies.google.com\/privacy\">https:\/\/policies.google.com\/privacy<\/a>);<br \/>\n\u2022 Facebook (<a href=\"https:\/\/it-it.facebook.com\/privacy\/explanation\">https:\/\/it-it.facebook.com\/privacy\/explanation<\/a>).<br \/>\nGli utenti possono comunque manifestare le proprie preferenze sui cookie anche attraverso le impostazioni del browser utilizzato. Di default quasi tutti i browser web sono impostati per accettare automaticamente i cookie, ma gli utenti possono modificare la configurazione predefinita tramite le impostazioni del browser utilizzato, che consentono di cancellare\/rimuovere tutti o alcuni cookie o bloccare l\u2019invio dei cookie o limitarlo a determinati siti.<\/p>\n<p>9. <strong>Cookie Policy<\/strong>. Al momento del primo accesso al sito web, verr\u00e0 visualizzato un apposito banner nel quale, per ciascuno dei cookie, saranno indicati la denominazione, la finalit\u00e0, i dati raccolti, il soggetto terzo a cui si riferisce il cookie, la durata del trattamento. L\u2019utente, salvo che per i cookie tecnici e analitici anonimizzati, dovr\u00e0 rendere un consenso libero ed espresso all\u2019utilizzo dei cookie di marketing e\/o profilazione. Il consenso eventualmente reso potr\u00e0 essere revocato in qualsiasi modo attraverso la disabilitazione dei cookie secondo le procedure indicate nel successivo Paragrafo.<\/p>\n<p>10. <strong>Disabilitazione dei Cookie<\/strong>. La disabilitazione \/ il blocco dei cookies o la loro cancellazione potrebbe compromettere la fruizione ottimale di alcune aree del sito o impedire alcune funzionalit\u00e0, nonch\u00e9 influire sul funzionamento dei servizi delle terze parti. La configurazione della gestione dei cookie dipende dal browser utilizzato. Si riportano di seguito le istruzioni e i link alle guide per la gestione dei cookie dei principali browser desktop:<br \/>\n\u2022 <strong>Microsoft Edge<\/strong>: cliccare sull\u2019icona con i tre pallini in alto a destra e quindi su &#8220;Impostazioni&#8221;. Dal men\u00f9 a sinistra selezionare &#8220;Cookie e autorizzazioni sito&#8221; e regolare le impostazioni dei cookies. Di seguito il link per ottenere maggiori informazioni:<br \/>\n<a href=\"https:\/\/support.microsoft.com\/it-it\/help\/4027947\/microsoft-edge-delete-cookies\">https:\/\/support.microsoft.com\/it-it\/help\/4027947\/microsoft-edge-delete-cookies<\/a>;<br \/>\n\u2022 <strong>Google Chrome<\/strong>: cliccare sull\u2019icona con i tre pallini in alto a destra e quindi su \u201cImpostazioni\u201d. Selezionare \u201cAvanzate\u201d e nella sezione \u201cPrivacy e sicurezza\u201d cliccare su \u201cImpostazioni Sito\u201d. Regolare quindi le impostazioni dei cookie selezionando \u201cCookie e dati dei siti\u201d. Di seguito il link per ottenere maggiori informazioni:<br \/>\n<a href=\"https:\/\/support.google.com\/chrome\/answer\/95647?hl=it&amp;p=cpn_cookies%20https:\/\/support.google.com\/accounts\/answer\/61416?hl=it;\">https:\/\/support.google.com\/chrome\/answer\/95647?hl=it&amp;p=cpn_cookies%20https:\/\/support.google.com\/accounts\/answer\/61416?hl=it;<\/a><br \/>\n\u2022 <strong>Mozilla Firefox<\/strong>: cliccare sull\u2019icona con le tre barrette orizzontali in alto a destra e selezionare \u201cOpzioni\u201d. Nella finestra selezionare \u201cPrivacy e sicurezza\u201d per regolare le impostazioni dei cookie. Di seguito il link per ottenere maggiori informazioni:<br \/>\n<a href=\"https:\/\/support.mozilla.org\/it\/kb\/Attivare%20e%20disattivare%20i%20cookie\">https:\/\/support.mozilla.org\/it\/kb\/Attivare%20e%20disattivare%20i%20cookie<\/a><strong>.<\/strong><br \/>\n\u2022 <strong>Apple Safari<\/strong>: selezionare \u201cPreferenze\u201d e poi \u201cPrivacy\u201d dove regolare le impostazioni dei cookie. Di seguito il link per ottenere maggiori informazioni:<br \/>\n<a href=\"https:\/\/support.apple.com\/it-it\/guide\/safari\/sfri11471\/mac\">https:\/\/support.apple.com\/it-it\/guide\/safari\/sfri11471\/mac<\/a>.<br \/>\n\u2022 <strong>Opera<\/strong>: selezionare l\u2019icona con le tre barrette orizzontali in alto a destra e poi su \u201cAvanzate\u201d. Selezionare \u201cRiservatezza &amp; Sicurezza\u201d e poi \u201cImpostazioni sito\u201d. Dalla sezione \u201cCookie e dati dei siti\u201d regolare le impostazioni dei cookie. Di seguito il link per ottenere maggiori informazioni:<br \/>\n<a href=\"https:\/\/help.opera.com\/en\/latest\/web-preferences\/#cookies\">https:\/\/help.opera.com\/en\/latest\/web-preferences\/#cookies<\/a>.<br \/>\nPer i browser diversi da quelli sopra elencati, \u00e8 necessario consultare la relativa guida per individuare le modalit\u00e0 di gestione dei cookies.<\/p>\n<p><strong>Osservatorio Permanente Giovani Editori<\/strong><br \/>\nIl Presidente<\/p>\n","protected":false},"excerpt":{"rendered":"<p>Privacy Policy con il presente documento ed in conformit\u00e0 all&#8217;art. 13 del Regolamento (UE) 2016\/679 (di seguito solo \u201cGDPR\u201d) vengono fornite le informazioni relative ai trattamenti dei dati personali eseguiti&#8230;<\/p>\n","protected":false},"author":1,"featured_media":0,"parent":0,"menu_order":0,"comment_status":"closed","ping_status":"open","template":"","meta":{"_acf_changed":false,"footnotes":""},"class_list":["post-11089","page","type-page","status-publish"],"acf":[],"yoast_head":"<!-- This site is optimized with the Yoast SEO plugin v27.4 - https:\/\/yoast.com\/product\/yoast-seo-wordpress\/ -->\n<title>Privacy Policy - Young Factor<\/title>\n<meta name=\"robots\" content=\"index, follow, max-snippet:-1, max-image-preview:large, max-video-preview:-1\" \/>\n<link rel=\"canonical\" href=\"https:\/\/www.young-factor.it\/en\/privacy-policy\/\" \/>\n<meta property=\"og:locale\" content=\"en_US\" \/>\n<meta property=\"og:type\" content=\"article\" \/>\n<meta property=\"og:title\" content=\"Privacy Policy - Young Factor\" \/>\n<meta property=\"og:description\" content=\"Privacy Policy con il presente documento ed in conformit\u00e0 all&#8217;art. 13 del Regolamento (UE) 2016\/679 (di seguito solo \u201cGDPR\u201d) vengono fornite le informazioni relative ai trattamenti dei dati personali eseguiti...\" \/>\n<meta property=\"og:url\" content=\"https:\/\/www.young-factor.it\/en\/privacy-policy\/\" \/>\n<meta property=\"og:site_name\" content=\"Young Factor\" \/>\n<meta property=\"article:modified_time\" content=\"2024-07-15T17:45:47+00:00\" \/>\n<meta name=\"twitter:card\" content=\"summary_large_image\" \/>\n<meta name=\"twitter:label1\" content=\"Est. reading time\" \/>\n\t<meta name=\"twitter:data1\" content=\"9 minutes\" \/>\n<script type=\"application\/ld+json\" class=\"yoast-schema-graph\">{\"@context\":\"https:\\\/\\\/schema.org\",\"@graph\":[{\"@type\":\"WebPage\",\"@id\":\"https:\\\/\\\/www.young-factor.it\\\/en\\\/privacy-policy\\\/\",\"url\":\"https:\\\/\\\/www.young-factor.it\\\/en\\\/privacy-policy\\\/\",\"name\":\"Privacy Policy - Young Factor\",\"isPartOf\":{\"@id\":\"https:\\\/\\\/www.young-factor.it\\\/en\\\/#website\"},\"datePublished\":\"2019-04-16T13:34:03+00:00\",\"dateModified\":\"2024-07-15T17:45:47+00:00\",\"breadcrumb\":{\"@id\":\"https:\\\/\\\/www.young-factor.it\\\/en\\\/privacy-policy\\\/#breadcrumb\"},\"inLanguage\":\"en-US\",\"potentialAction\":[{\"@type\":\"ReadAction\",\"target\":[\"https:\\\/\\\/www.young-factor.it\\\/en\\\/privacy-policy\\\/\"]}]},{\"@type\":\"BreadcrumbList\",\"@id\":\"https:\\\/\\\/www.young-factor.it\\\/en\\\/privacy-policy\\\/#breadcrumb\",\"itemListElement\":[{\"@type\":\"ListItem\",\"position\":1,\"name\":\"Home\",\"item\":\"https:\\\/\\\/www.young-factor.it\\\/en\\\/\"},{\"@type\":\"ListItem\",\"position\":2,\"name\":\"Privacy Policy\"}]},{\"@type\":\"WebSite\",\"@id\":\"https:\\\/\\\/www.young-factor.it\\\/en\\\/#website\",\"url\":\"https:\\\/\\\/www.young-factor.it\\\/en\\\/\",\"name\":\"Young Factor\",\"description\":\"dialogo giovani - editori\",\"publisher\":{\"@id\":\"https:\\\/\\\/www.young-factor.it\\\/en\\\/#organization\"},\"potentialAction\":[{\"@type\":\"SearchAction\",\"target\":{\"@type\":\"EntryPoint\",\"urlTemplate\":\"https:\\\/\\\/www.young-factor.it\\\/en\\\/?s={search_term_string}\"},\"query-input\":{\"@type\":\"PropertyValueSpecification\",\"valueRequired\":true,\"valueName\":\"search_term_string\"}}],\"inLanguage\":\"en-US\"},{\"@type\":\"Organization\",\"@id\":\"https:\\\/\\\/www.young-factor.it\\\/en\\\/#organization\",\"name\":\"Young Factor\",\"url\":\"https:\\\/\\\/www.young-factor.it\\\/en\\\/\",\"logo\":{\"@type\":\"ImageObject\",\"inLanguage\":\"en-US\",\"@id\":\"https:\\\/\\\/www.young-factor.it\\\/en\\\/#\\\/schema\\\/logo\\\/image\\\/\",\"url\":\"https:\\\/\\\/www.young-factor.it\\\/wp-content\\\/uploads\\\/2022\\\/11\\\/young-factor-opge.png\",\"contentUrl\":\"https:\\\/\\\/www.young-factor.it\\\/wp-content\\\/uploads\\\/2022\\\/11\\\/young-factor-opge.png\",\"width\":500,\"height\":500,\"caption\":\"Young Factor\"},\"image\":{\"@id\":\"https:\\\/\\\/www.young-factor.it\\\/en\\\/#\\\/schema\\\/logo\\\/image\\\/\"}}]}<\/script>\n<!-- \/ Yoast SEO plugin. -->","yoast_head_json":{"title":"Privacy Policy - Young Factor","robots":{"index":"index","follow":"follow","max-snippet":"max-snippet:-1","max-image-preview":"max-image-preview:large","max-video-preview":"max-video-preview:-1"},"canonical":"https:\/\/www.young-factor.it\/en\/privacy-policy\/","og_locale":"en_US","og_type":"article","og_title":"Privacy Policy - Young Factor","og_description":"Privacy Policy con il presente documento ed in conformit\u00e0 all&#8217;art. 13 del Regolamento (UE) 2016\/679 (di seguito solo \u201cGDPR\u201d) vengono fornite le informazioni relative ai trattamenti dei dati personali eseguiti...","og_url":"https:\/\/www.young-factor.it\/en\/privacy-policy\/","og_site_name":"Young Factor","article_modified_time":"2024-07-15T17:45:47+00:00","twitter_card":"summary_large_image","twitter_misc":{"Est. reading time":"9 minutes"},"schema":{"@context":"https:\/\/schema.org","@graph":[{"@type":"WebPage","@id":"https:\/\/www.young-factor.it\/en\/privacy-policy\/","url":"https:\/\/www.young-factor.it\/en\/privacy-policy\/","name":"Privacy Policy - Young Factor","isPartOf":{"@id":"https:\/\/www.young-factor.it\/en\/#website"},"datePublished":"2019-04-16T13:34:03+00:00","dateModified":"2024-07-15T17:45:47+00:00","breadcrumb":{"@id":"https:\/\/www.young-factor.it\/en\/privacy-policy\/#breadcrumb"},"inLanguage":"en-US","potentialAction":[{"@type":"ReadAction","target":["https:\/\/www.young-factor.it\/en\/privacy-policy\/"]}]},{"@type":"BreadcrumbList","@id":"https:\/\/www.young-factor.it\/en\/privacy-policy\/#breadcrumb","itemListElement":[{"@type":"ListItem","position":1,"name":"Home","item":"https:\/\/www.young-factor.it\/en\/"},{"@type":"ListItem","position":2,"name":"Privacy Policy"}]},{"@type":"WebSite","@id":"https:\/\/www.young-factor.it\/en\/#website","url":"https:\/\/www.young-factor.it\/en\/","name":"Young Factor","description":"dialogo giovani - editori","publisher":{"@id":"https:\/\/www.young-factor.it\/en\/#organization"},"potentialAction":[{"@type":"SearchAction","target":{"@type":"EntryPoint","urlTemplate":"https:\/\/www.young-factor.it\/en\/?s={search_term_string}"},"query-input":{"@type":"PropertyValueSpecification","valueRequired":true,"valueName":"search_term_string"}}],"inLanguage":"en-US"},{"@type":"Organization","@id":"https:\/\/www.young-factor.it\/en\/#organization","name":"Young Factor","url":"https:\/\/www.young-factor.it\/en\/","logo":{"@type":"ImageObject","inLanguage":"en-US","@id":"https:\/\/www.young-factor.it\/en\/#\/schema\/logo\/image\/","url":"https:\/\/www.young-factor.it\/wp-content\/uploads\/2022\/11\/young-factor-opge.png","contentUrl":"https:\/\/www.young-factor.it\/wp-content\/uploads\/2022\/11\/young-factor-opge.png","width":500,"height":500,"caption":"Young Factor"},"image":{"@id":"https:\/\/www.young-factor.it\/en\/#\/schema\/logo\/image\/"}}]}},"_links":{"self":[{"href":"https:\/\/www.young-factor.it\/en\/wp-json\/wp\/v2\/pages\/11089","targetHints":{"allow":["GET"]}}],"collection":[{"href":"https:\/\/www.young-factor.it\/en\/wp-json\/wp\/v2\/pages"}],"about":[{"href":"https:\/\/www.young-factor.it\/en\/wp-json\/wp\/v2\/types\/page"}],"author":[{"embeddable":true,"href":"https:\/\/www.young-factor.it\/en\/wp-json\/wp\/v2\/users\/1"}],"replies":[{"embeddable":true,"href":"https:\/\/www.young-factor.it\/en\/wp-json\/wp\/v2\/comments?post=11089"}],"version-history":[{"count":3,"href":"https:\/\/www.young-factor.it\/en\/wp-json\/wp\/v2\/pages\/11089\/revisions"}],"predecessor-version":[{"id":11436,"href":"https:\/\/www.young-factor.it\/en\/wp-json\/wp\/v2\/pages\/11089\/revisions\/11436"}],"wp:attachment":[{"href":"https:\/\/www.young-factor.it\/en\/wp-json\/wp\/v2\/media?parent=11089"}],"curies":[{"name":"wp","href":"https:\/\/api.w.org\/{rel}","templated":true}]}}